{"id":49,"date":"2024-10-07T18:44:00","date_gmt":"2024-10-07T16:44:00","guid":{"rendered":"https:\/\/lesjardinsdelucas.fr\/?page_id=49"},"modified":"2024-11-19T19:19:35","modified_gmt":"2024-11-19T18:19:35","slug":"demander-un-devis","status":"publish","type":"page","link":"https:\/\/lesjardinsdelucas.fr\/index.php\/demander-un-devis\/","title":{"rendered":"DEMANDER UN DEVIS"},"content":{"rendered":"<div class=\"wpforms-container wpforms-container-full wpforms-block wpforms-block-72cd21f6-1a16-4e15-a3b9-50e7536440cf wpforms-render-modern\" id=\"wpforms-29\"><form id=\"wpforms-form-29\" class=\"wpforms-validate wpforms-form wpforms-ajax-form\" data-formid=\"29\" method=\"post\" enctype=\"multipart\/form-data\" action=\"\/index.php\/wp-json\/wp\/v2\/pages\/49\" data-token=\"17a31a38e7ba611fb64db3738711fc43\" data-token-time=\"1777382798\"><noscript class=\"wpforms-error-noscript\">Veuillez activer JavaScript dans votre navigateur pour remplir ce formulaire.<\/noscript><div id=\"wpforms-error-noscript\" style=\"display: none;\">Veuillez activer JavaScript dans votre navigateur pour remplir ce formulaire.<\/div><div class=\"wpforms-field-container\">\t\t<div id=\"wpforms-29-field_1-container\"\n\t\t\tclass=\"wpforms-field wpforms-field-text\"\n\t\t\tdata-field-type=\"text\"\n\t\t\tdata-field-id=\"1\"\n\t\t\t>\n\t\t\t<label class=\"wpforms-field-label\" for=\"wpforms-29-field_1\" >Mes Commentaire t\u00e9l\u00e9phone<\/label>\n\t\t\t<input type=\"text\" id=\"wpforms-29-field_1\" class=\"wpforms-field-medium\" name=\"wpforms[fields][1]\" >\n\t\t<\/div>\n\t\t<div id=\"wpforms-29-field_2-container\" class=\"wpforms-field wpforms-field-name\" data-field-id=\"2\"><fieldset><legend class=\"wpforms-field-label\">Mes Informations <span class=\"wpforms-required-label\" aria-hidden=\"true\">*<\/span><\/legend><div class=\"wpforms-field-row wpforms-field-large\"><div class=\"wpforms-field-row-block wpforms-first wpforms-one-half\"><input type=\"text\" id=\"wpforms-29-field_2\" class=\"wpforms-field-name-first wpforms-field-required\" name=\"wpforms[fields][2][first]\" aria-errormessage=\"wpforms-29-field_2-error\" required><label for=\"wpforms-29-field_2\" class=\"wpforms-field-sublabel after\">Pr\u00e9nom<\/label><\/div><div class=\"wpforms-field-row-block wpforms-one-half\"><input type=\"text\" id=\"wpforms-29-field_2-last\" class=\"wpforms-field-name-last wpforms-field-required\" name=\"wpforms[fields][2][last]\" aria-errormessage=\"wpforms-29-field_2-last-error\" required><label for=\"wpforms-29-field_2-last\" class=\"wpforms-field-sublabel after\">Nom<\/label><\/div><\/div><\/fieldset><\/div><div id=\"wpforms-29-field_3-container\" class=\"wpforms-field wpforms-field-email\" data-field-id=\"3\"><label class=\"wpforms-field-label\" for=\"wpforms-29-field_3\">E-mail <span class=\"wpforms-required-label\" aria-hidden=\"true\">*<\/span><\/label><input type=\"email\" id=\"wpforms-29-field_3\" class=\"wpforms-field-medium wpforms-field-required\" name=\"wpforms[fields][3]\" spellcheck=\"false\" aria-errormessage=\"wpforms-29-field_3-error\" required><\/div><div id=\"wpforms-29-field_5-container\" class=\"wpforms-field wpforms-field-text\" data-field-id=\"5\"><label class=\"wpforms-field-label\" for=\"wpforms-29-field_5\">Num\u00e9ro de t\u00e9l\u00e9phone<\/label><input type=\"text\" id=\"wpforms-29-field_5\" class=\"wpforms-field-medium wpforms-masked-input\" data-rule-inputmask-incomplete=\"1\" data-inputmask-mask=\"+33999999999\" name=\"wpforms[fields][5]\" aria-errormessage=\"wpforms-29-field_5-error\" ><\/div><div id=\"wpforms-29-field_6-container\" class=\"wpforms-field wpforms-field-select wpforms-field-select-style-classic\" data-field-id=\"6\"><label class=\"wpforms-field-label\" for=\"wpforms-29-field_6\">Type de Travaux <span class=\"wpforms-required-label\" aria-hidden=\"true\">*<\/span><\/label><select id=\"wpforms-29-field_6\" class=\"wpforms-field-medium wpforms-field-required\" name=\"wpforms[fields][6]\" required=\"required\"><option value=\"S\u00e9lectionner une prestation\"  class=\"choice-6 depth-1\"  >S\u00e9lectionner une prestation<\/option><option value=\"Taille de haies\"  class=\"choice-1 depth-1\"  >Taille de haies<\/option><option value=\"Petit \u00e9lagage\"  class=\"choice-7 depth-1\"  >Petit \u00e9lagage<\/option><option value=\"D\u00e9brousaillage\"  class=\"choice-8 depth-1\"  >D\u00e9brousaillage<\/option><option value=\"Entretien des jardins\"  class=\"choice-2 depth-1\"  >Entretien des jardins<\/option><option value=\"Remise en \u00e9tat\"  class=\"choice-9 depth-1\"  >Remise en \u00e9tat<\/option><option value=\"Am\u00e9nagement Paysag\u00e9\"  class=\"choice-3 depth-1\"  >Am\u00e9nagement Paysag\u00e9<\/option><option value=\"Autres (A pr\u00e9ciser en commentaire)\"  class=\"choice-5 depth-1\"  >Autres (A pr\u00e9ciser en commentaire)<\/option><\/select><\/div><div id=\"wpforms-29-field_7-container\" class=\"wpforms-field wpforms-field-textarea\" data-field-id=\"7\"><label class=\"wpforms-field-label\" for=\"wpforms-29-field_7\">Commentaire<\/label><textarea id=\"wpforms-29-field_7\" class=\"wpforms-field-medium wpforms-limit-characters-enabled\" data-form-id=\"29\" data-field-id=\"7\" data-text-limit=\"200\" name=\"wpforms[fields][7]\" aria-errormessage=\"wpforms-29-field_7-error\" maxlength=\"200\" ><\/textarea><\/div><div id=\"wpforms-29-field_8-container\" class=\"wpforms-field wpforms-field-checkbox\" data-field-id=\"8\"><fieldset><legend class=\"wpforms-field-label\">RGPD <span class=\"wpforms-required-label\" aria-hidden=\"true\">*<\/span><\/legend><ul id=\"wpforms-29-field_8\" class=\"wpforms-field-required\"><li class=\"choice-1 depth-1\"><input type=\"checkbox\" id=\"wpforms-29-field_8_1\" name=\"wpforms[fields][8][]\" value=\"Je consens \u00e0 ce que Les Jardins de Lucas utilise mes coordonn\u00e9es afin d&#039;\u00e9tablir mon devis.\" aria-errormessage=\"wpforms-29-field_8_1-error\" required ><label class=\"wpforms-field-label-inline\" for=\"wpforms-29-field_8_1\">Je consens \u00e0 ce que Les Jardins de Lucas utilise mes coordonn\u00e9es afin d&rsquo;\u00e9tablir mon devis.<\/label><\/li><\/ul><\/fieldset><\/div><script>\n\t\t\t\t( function() {\n\t\t\t\t\tconst style = document.createElement( 'style' );\n\t\t\t\t\tstyle.appendChild( document.createTextNode( '#wpforms-29-field_1-container { position: absolute !important; overflow: hidden !important; display: inline !important; height: 1px !important; width: 1px !important; z-index: -1000 !important; padding: 0 !important; } #wpforms-29-field_1-container input { visibility: hidden; } #wpforms-conversational-form-page #wpforms-29-field_1-container label { counter-increment: none; }' ) );\n\t\t\t\t\tdocument.head.appendChild( style );\n\t\t\t\t\tdocument.currentScript?.remove();\n\t\t\t\t} )();\n\t\t\t<\/script><\/div><!-- .wpforms-field-container --><div class=\"wpforms-recaptcha-container wpforms-is-recaptcha wpforms-is-recaptcha-type-v3\" ><input type=\"hidden\" name=\"wpforms[recaptcha]\" value=\"\"><\/div><div class=\"wpforms-submit-container\" ><input type=\"hidden\" name=\"wpforms[id]\" value=\"29\"><input type=\"hidden\" name=\"page_title\" value=\"\"><input type=\"hidden\" name=\"page_url\" value=\"https:\/\/lesjardinsdelucas.fr\/index.php\/wp-json\/wp\/v2\/pages\/49\"><input type=\"hidden\" name=\"url_referer\" value=\"\"><button type=\"submit\" name=\"wpforms[submit]\" id=\"wpforms-submit-29\" class=\"wpforms-submit\" data-alt-text=\"Envoi...\" data-submit-text=\"Envoyer\" aria-live=\"assertive\" value=\"wpforms-submit\">Envoyer<\/button><img loading=\"lazy\" decoding=\"async\" src=\"https:\/\/lesjardinsdelucas.fr\/wp-content\/plugins\/wpforms-lite\/assets\/images\/submit-spin.svg\" class=\"wpforms-submit-spinner\" style=\"display: none;\" width=\"26\" height=\"26\" alt=\"Chargement en cours\"><\/div><\/form><\/div>  <!-- .wpforms-container -->","protected":false},"excerpt":{"rendered":"","protected":false},"author":1,"featured_media":0,"parent":0,"menu_order":0,"comment_status":"closed","ping_status":"closed","template":"blog","meta":{"footnotes":""},"class_list":["post-49","page","type-page","status-publish","hentry"],"_links":{"self":[{"href":"https:\/\/lesjardinsdelucas.fr\/index.php\/wp-json\/wp\/v2\/pages\/49","targetHints":{"allow":["GET"]}}],"collection":[{"href":"https:\/\/lesjardinsdelucas.fr\/index.php\/wp-json\/wp\/v2\/pages"}],"about":[{"href":"https:\/\/lesjardinsdelucas.fr\/index.php\/wp-json\/wp\/v2\/types\/page"}],"author":[{"embeddable":true,"href":"https:\/\/lesjardinsdelucas.fr\/index.php\/wp-json\/wp\/v2\/users\/1"}],"replies":[{"embeddable":true,"href":"https:\/\/lesjardinsdelucas.fr\/index.php\/wp-json\/wp\/v2\/comments?post=49"}],"version-history":[{"count":2,"href":"https:\/\/lesjardinsdelucas.fr\/index.php\/wp-json\/wp\/v2\/pages\/49\/revisions"}],"predecessor-version":[{"id":51,"href":"https:\/\/lesjardinsdelucas.fr\/index.php\/wp-json\/wp\/v2\/pages\/49\/revisions\/51"}],"wp:attachment":[{"href":"https:\/\/lesjardinsdelucas.fr\/index.php\/wp-json\/wp\/v2\/media?parent=49"}],"curies":[{"name":"wp","href":"https:\/\/api.w.org\/{rel}","templated":true}]}}